{"id":160,"date":"2024-07-25T06:36:37","date_gmt":"2024-07-25T06:36:37","guid":{"rendered":"https:\/\/hanseresidenz-anklam.de\/?page_id=160"},"modified":"2026-04-08T07:12:22","modified_gmt":"2026-04-08T07:12:22","slug":"karriere","status":"publish","type":"page","link":"https:\/\/hanseresidenz-anklam.de\/?page_id=160","title":{"rendered":"Karriere"},"content":{"rendered":"\n<h2 class=\"wp-block-heading has-text-align-center\">Wir suchen dich!<\/h2>\n\n\n\n<p class=\"has-text-align-center\">Jeder einzelne Mitarbeiter ist wertvoll f\u00fcr das Team, mit seinen St\u00e4rken und Schw\u00e4chen.&nbsp;Ein bunter Mix ist das&nbsp;Geheimrezept eines guten Teams,&nbsp;in dem man einander&nbsp;erg\u00e4nzt &amp; zusammen ein gutes Gesamtkonzept bildet.<\/p>\n\n\n\n<p class=\"has-text-align-center\">Wir wissen, Kundenzufriedenheit l\u00e4sst sich nur \u00fcber Mitarbeiterzufriedenheit erreichen.&nbsp;Der Beruf Pflege ist ein bedeutungs- und anspruchsvoller Beruf, der viel Verantwortung&nbsp;mit sich bringt. Mitarbeiter in der Pflege verdienen einfach eine entsprechende Verg\u00fctung und Wertsch\u00e4tzung.&nbsp;Wir bieten dir, neben einer tariflichen Bezahlung, eine Menge Leistungen, die uns zu einem besonderen Arbeitgeber machen!<\/p>\n\n\n\n<p><\/p>\n\n\n\n<h2 class=\"wp-block-heading has-text-align-center\">Offene Stellen<\/h2>\n\n\n\n<p><\/p>\n\n\n\n<div class=\"wp-block-buttons is-content-justification-center is-layout-flex wp-container-core-buttons-is-layout-a89b3969 wp-block-buttons-is-layout-flex\"><\/div>\n\n\n\n<p><\/p>\n","protected":false},"excerpt":{"rendered":"<p>Wir suchen dich! Jeder einzelne Mitarbeiter ist wertvoll f\u00fcr das Team, mit seinen St\u00e4rken und Schw\u00e4chen.&nbsp;Ein bunter Mix ist das&nbsp;Geheimrezept eines guten Teams,&nbsp;in dem man einander&nbsp;erg\u00e4nzt &amp; zusammen ein gutes Gesamtkonzept bildet. Wir wissen, Kundenzufriedenheit l\u00e4sst sich nur \u00fcber Mitarbeiterzufriedenheit erreichen.&nbsp;Der Beruf Pflege ist ein bedeutungs- und anspruchsvoller Beruf, der viel Verantwortung&nbsp;mit sich bringt. Mitarbeiter [&hellip;]<\/p>\n","protected":false},"author":1,"featured_media":0,"parent":0,"menu_order":0,"comment_status":"closed","ping_status":"closed","template":"","meta":{"footnotes":""},"class_list":["post-160","page","type-page","status-publish","hentry"],"jetpack_sharing_enabled":true,"_links":{"self":[{"href":"https:\/\/hanseresidenz-anklam.de\/index.php?rest_route=\/wp\/v2\/pages\/160","targetHints":{"allow":["GET"]}}],"collection":[{"href":"https:\/\/hanseresidenz-anklam.de\/index.php?rest_route=\/wp\/v2\/pages"}],"about":[{"href":"https:\/\/hanseresidenz-anklam.de\/index.php?rest_route=\/wp\/v2\/types\/page"}],"author":[{"embeddable":true,"href":"https:\/\/hanseresidenz-anklam.de\/index.php?rest_route=\/wp\/v2\/users\/1"}],"replies":[{"embeddable":true,"href":"https:\/\/hanseresidenz-anklam.de\/index.php?rest_route=%2Fwp%2Fv2%2Fcomments&post=160"}],"version-history":[{"count":13,"href":"https:\/\/hanseresidenz-anklam.de\/index.php?rest_route=\/wp\/v2\/pages\/160\/revisions"}],"predecessor-version":[{"id":276,"href":"https:\/\/hanseresidenz-anklam.de\/index.php?rest_route=\/wp\/v2\/pages\/160\/revisions\/276"}],"wp:attachment":[{"href":"https:\/\/hanseresidenz-anklam.de\/index.php?rest_route=%2Fwp%2Fv2%2Fmedia&parent=160"}],"curies":[{"name":"wp","href":"https:\/\/api.w.org\/{rel}","templated":true}]}}